{"id":347,"date":"2025-05-13T16:38:24","date_gmt":"2025-05-13T16:38:24","guid":{"rendered":"https:\/\/dziengodnosci.us.edu.pl\/?page_id=347"},"modified":"2025-05-25T23:48:23","modified_gmt":"2025-05-25T23:48:23","slug":"partnerzy","status":"publish","type":"page","link":"https:\/\/dziengodnosci.us.edu.pl\/?page_id=347","title":{"rendered":"PARTNERZY"},"content":{"rendered":"\t\t<div data-elementor-type=\"wp-page\" data-elementor-id=\"347\" class=\"elementor elementor-347\" data-elementor-post-type=\"page\">\n\t\t\t\t<div class=\"elementor-element elementor-element-dd641e2 e-flex e-con-boxed e-con e-parent\" data-id=\"dd641e2\" data-element_type=\"container\">\n\t\t\t\t\t<div class=\"e-con-inner\">\n\t\t\t\t<div class=\"elementor-element elementor-element-518746a elementor-widget elementor-widget-spacer\" data-id=\"518746a\" data-element_type=\"widget\" data-widget_type=\"spacer.default\">\n\t\t\t\t<div class=\"elementor-widget-container\">\n\t\t\t\t\t\t\t<div class=\"elementor-spacer\">\n\t\t\t<div class=\"elementor-spacer-inner\"><\/div>\n\t\t<\/div>\n\t\t\t\t\t\t<\/div>\n\t\t\t\t<\/div>\n\t\t\t\t\t<\/div>\n\t\t\t\t<\/div>\n\t\t<div class=\"elementor-element elementor-element-61149cbd e-con-full e-flex e-con e-parent\" data-id=\"61149cbd\" data-element_type=\"container\" data-settings=\"{&quot;background_background&quot;:&quot;classic&quot;}\">\n\t\t<div class=\"elementor-element elementor-element-7155409c e-con-full e-flex e-con e-child\" data-id=\"7155409c\" data-element_type=\"container\">\n\t\t\t\t<div class=\"elementor-element elementor-element-24815421 elementor-widget__width-inherit elementor-widget-divider--view-line elementor-invisible elementor-widget elementor-widget-divider\" data-id=\"24815421\" data-element_type=\"widget\" data-settings=\"{&quot;_animation&quot;:&quot;fadeInLeft&quot;}\" data-widget_type=\"divider.default\">\n\t\t\t\t<div class=\"elementor-widget-container\">\n\t\t\t\t\t\t\t<div class=\"elementor-divider\">\n\t\t\t<span class=\"elementor-divider-separator\">\n\t\t\t\t\t\t<\/span>\n\t\t<\/div>\n\t\t\t\t\t\t<\/div>\n\t\t\t\t<\/div>\n\t\t\t\t<div class=\"elementor-element elementor-element-27be314c elementor-widget__width-initial elementor-widget-tablet__width-inherit elementor-widget elementor-widget-heading\" data-id=\"27be314c\" data-element_type=\"widget\" data-widget_type=\"heading.default\">\n\t\t\t\t<div class=\"elementor-widget-container\">\n\t\t\t\t\t<h2 class=\"elementor-heading-title elementor-size-default\">Partnerzy, kt\u00f3rzy buduj\u0105 z nami Dzie\u0144 Godno\u015bci\nRazem tworzymy przestrze\u0144 wsparcia i integracji<\/h2>\t\t\t\t<\/div>\n\t\t\t\t<\/div>\n\t\t\t\t<\/div>\n\t\t\t\t<\/div>\n\t\t<div class=\"elementor-element elementor-element-3627152 e-flex e-con-boxed e-con e-parent\" data-id=\"3627152\" data-element_type=\"container\">\n\t\t\t\t\t<div class=\"e-con-inner\">\n\t\t\t\t<div class=\"elementor-element elementor-element-54e98ea elementor-widget elementor-widget-spacer\" data-id=\"54e98ea\" data-element_type=\"widget\" data-widget_type=\"spacer.default\">\n\t\t\t\t<div class=\"elementor-widget-container\">\n\t\t\t\t\t\t\t<div class=\"elementor-spacer\">\n\t\t\t<div class=\"elementor-spacer-inner\"><\/div>\n\t\t<\/div>\n\t\t\t\t\t\t<\/div>\n\t\t\t\t<\/div>\n\t\t\t\t\t<\/div>\n\t\t\t\t<\/div>\n\t\t<div class=\"elementor-element elementor-element-f860441 e-con-full e-flex e-con e-parent\" data-id=\"f860441\" data-element_type=\"container\" data-settings=\"{&quot;background_background&quot;:&quot;gradient&quot;}\">\n\t\t<div class=\"elementor-element elementor-element-60dbd55f e-con-full e-flex e-con e-child\" data-id=\"60dbd55f\" data-element_type=\"container\">\n\t\t\t\t<div class=\"elementor-element elementor-element-65d147f0 elementor-widget elementor-widget-heading\" data-id=\"65d147f0\" data-element_type=\"widget\" data-widget_type=\"heading.default\">\n\t\t\t\t<div class=\"elementor-widget-container\">\n\t\t\t\t\t<p class=\"elementor-heading-title elementor-size-default\">WSPARCIE, KT\u00d3RE MA ZNACZENIE<\/p>\t\t\t\t<\/div>\n\t\t\t\t<\/div>\n\t\t\t\t<div class=\"elementor-element elementor-element-5b61d33f elementor-widget elementor-widget-heading\" data-id=\"5b61d33f\" data-element_type=\"widget\" data-widget_type=\"heading.default\">\n\t\t\t\t<div class=\"elementor-widget-container\">\n\t\t\t\t\t<h2 class=\"elementor-heading-title elementor-size-default\">Dzie\u0144 Godno\u015bci z udzia\u0142em lokalnych lider\u00f3w<\/h2>\t\t\t\t<\/div>\n\t\t\t\t<\/div>\n\t\t\t\t<\/div>\n\t\t<div class=\"elementor-element elementor-element-53a30125 e-con-full e-flex e-con e-child\" data-id=\"53a30125\" data-element_type=\"container\">\n\t\t\t\t<div class=\"elementor-element elementor-element-1d2da963 elementor-widget__width-initial elementor-widget-mobile__width-inherit elementor-invisible elementor-widget elementor-widget-image\" data-id=\"1d2da963\" data-element_type=\"widget\" data-settings=\"{&quot;_animation&quot;:&quot;fadeInUp&quot;}\" data-widget_type=\"image.default\">\n\t\t\t\t<div class=\"elementor-widget-container\">\n\t\t\t\t\t\t\t\t\t\t\t\t\t\t\t<img fetchpriority=\"high\" decoding=\"async\" width=\"219\" height=\"300\" src=\"https:\/\/dziengodnosci.us.edu.pl\/wp-content\/uploads\/2025\/05\/3-219x300.jpg\" class=\"attachment-medium size-medium wp-image-391\" alt=\"\" srcset=\"https:\/\/dziengodnosci.us.edu.pl\/wp-content\/uploads\/2025\/05\/3-219x300.jpg 219w, https:\/\/dziengodnosci.us.edu.pl\/wp-content\/uploads\/2025\/05\/3.jpg 266w\" sizes=\"(max-width: 219px) 100vw, 219px\" \/>\t\t\t\t\t\t\t\t\t\t\t\t\t\t\t<\/div>\n\t\t\t\t<\/div>\n\t\t\t\t<div class=\"elementor-element elementor-element-34bce187 elementor-widget__width-initial elementor-widget-mobile__width-inherit elementor-invisible elementor-widget elementor-widget-testimonial\" data-id=\"34bce187\" data-element_type=\"widget\" data-settings=\"{&quot;_animation&quot;:&quot;fadeInUp&quot;,&quot;_animation_delay&quot;:&quot;300&quot;}\" data-widget_type=\"testimonial.default\">\n\t\t\t\t<div class=\"elementor-widget-container\">\n\t\t\t\t\t\t\t<div class=\"elementor-testimonial-wrapper\">\n\t\t\t\t\t\t\t<div class=\"elementor-testimonial-content\">\u201eObecno\u015b\u0107 Pani Starosty Janiny \u017bago\u0144 podczas tegorocznego Dnia Godno\u015bci \u2018W \u015bwiecie fantasy\u2019, a tak\u017ce wsparcie finansowe Starostwa Powiatowego w Cieszynie, stworzy\u0142y wyj\u0105tkow\u0105 atmosfer\u0119 wydarzenia. Dzi\u0119ki temu uczestnicy mogli poczu\u0107 si\u0119 doceniani, zauwa\u017ceni i wspierani. Takie zaanga\u017cowanie ze strony lokalnych w\u0142adz ma dla nas ogromne znaczenie.\u201d<\/div>\n\t\t\t\n\t\t\t\t\t\t<div class=\"elementor-testimonial-meta\">\n\t\t\t\t<div class=\"elementor-testimonial-meta-inner\">\n\t\t\t\t\t\n\t\t\t\t\t\t\t\t\t\t<div class=\"elementor-testimonial-details\">\n\t\t\t\t\t\t\t\t\t\t\t\t\t\t<div class=\"elementor-testimonial-name\">Janina \u017bago\u0144 <\/div>\n\t\t\t\t\t\t\t\t\t\t\t\t\t\t\t\t\t\t\t\t\t\t<div class=\"elementor-testimonial-job\">Starosta powiatu cieszy\u0144skiego<\/div>\n\t\t\t\t\t\t\t\t\t\t\t\t\t<\/div>\n\t\t\t\t\t\t\t\t\t<\/div>\n\t\t\t<\/div>\n\t\t\t\t\t<\/div>\n\t\t\t\t\t\t<\/div>\n\t\t\t\t<\/div>\n\t\t\t\t<\/div>\n\t\t\t\t<\/div>\n\t\t\t\t<\/div>\n\t\t","protected":false},"excerpt":{"rendered":"<p>Partnerzy, kt\u00f3rzy buduj\u0105 z nami Dzie\u0144 Godno\u015bci Razem tworzymy przestrze\u0144 wsparcia i integracji WSPARCIE, KT\u00d3RE MA ZNACZENIE Dzie\u0144 Godno\u015bci z [&hellip;]<\/p>\n","protected":false},"author":1,"featured_media":0,"parent":0,"menu_order":0,"comment_status":"closed","ping_status":"closed","template":"","meta":{"site-sidebar-layout":"no-sidebar","site-content-layout":"","ast-site-content-layout":"full-width-container","site-content-style":"default","site-sidebar-style":"default","ast-global-header-display":"","ast-banner-title-visibility":"","ast-main-header-display":"","ast-hfb-above-header-display":"","ast-hfb-below-header-display":"","ast-hfb-mobile-header-display":"","site-post-title":"disabled","ast-breadcrumbs-content":"","ast-featured-img":"disabled","footer-sml-layout":"","theme-transparent-header-meta":"","adv-header-id-meta":"","stick-header-meta":"","header-above-stick-meta":"","header-main-stick-meta":"","header-below-stick-meta":"","astra-migrate-meta-layouts":"default","ast-page-background-enabled":"default","ast-page-background-meta":{"desktop":{"background-color":"var(--ast-global-color-5)","background-image":"","background-repeat":"repeat","background-position":"center center","background-size":"auto","background-attachment":"scroll","background-type":"","background-media":"","overlay-type":"","overlay-color":"","overlay-opacity":"","overlay-gradient":""},"tablet":{"background-color":"","background-image":"","background-repeat":"repeat","background-position":"center center","background-size":"auto","background-attachment":"scroll","background-type":"","background-media":"","overlay-type":"","overlay-color":"","overlay-opacity":"","overlay-gradient":""},"mobile":{"background-color":"","background-image":"","background-repeat":"repeat","background-position":"center center","background-size":"auto","background-attachment":"scroll","background-type":"","background-media":"","overlay-type":"","overlay-color":"","overlay-opacity":"","overlay-gradient":""}},"ast-content-background-meta":{"desktop":{"background-color":"var(--ast-global-color-4)","background-image":"","background-repeat":"repeat","background-position":"center center","background-size":"auto","background-attachment":"scroll","background-type":"","background-media":"","overlay-type":"","overlay-color":"","overlay-opacity":"","overlay-gradient":""},"tablet":{"background-color":"var(--ast-global-color-4)","background-image":"","background-repeat":"repeat","background-position":"center center","background-size":"auto","background-attachment":"scroll","background-type":"","background-media":"","overlay-type":"","overlay-color":"","overlay-opacity":"","overlay-gradient":""},"mobile":{"background-color":"var(--ast-global-color-4)","background-image":"","background-repeat":"repeat","background-position":"center center","background-size":"auto","background-attachment":"scroll","background-type":"","background-media":"","overlay-type":"","overlay-color":"","overlay-opacity":"","overlay-gradient":""}},"footnotes":""},"class_list":["post-347","page","type-page","status-publish","hentry"],"yoast_head":"<!-- This site is optimized with the Yoast SEO plugin v24.8.1 - https:\/\/yoast.com\/wordpress\/plugins\/seo\/ -->\n<title>PARTNERZY - Dzie\u0144 Godno\u015bci<\/title>\n<meta name=\"robots\" content=\"index, follow, max-snippet:-1, max-image-preview:large, max-video-preview:-1\" \/>\n<link rel=\"canonical\" href=\"https:\/\/dziengodnosci.us.edu.pl\/?page_id=347\" \/>\n<meta property=\"og:locale\" content=\"pl_PL\" \/>\n<meta property=\"og:type\" content=\"article\" \/>\n<meta property=\"og:title\" content=\"PARTNERZY - Dzie\u0144 Godno\u015bci\" \/>\n<meta property=\"og:description\" content=\"Partnerzy, kt\u00f3rzy buduj\u0105 z nami Dzie\u0144 Godno\u015bci Razem tworzymy przestrze\u0144 wsparcia i integracji WSPARCIE, KT\u00d3RE MA ZNACZENIE Dzie\u0144 Godno\u015bci z [&hellip;]\" \/>\n<meta property=\"og:url\" content=\"https:\/\/dziengodnosci.us.edu.pl\/?page_id=347\" \/>\n<meta property=\"og:site_name\" content=\"Dzie\u0144 Godno\u015bci\" \/>\n<meta property=\"article:publisher\" content=\"https:\/\/www.facebook.com\/dziengodnoscicieszyn?locale=pl_PL\" \/>\n<meta property=\"article:modified_time\" content=\"2025-05-25T23:48:23+00:00\" \/>\n<meta property=\"og:image\" content=\"https:\/\/dziengodnosci.us.edu.pl\/wp-content\/uploads\/2025\/05\/3.jpg\" \/>\n\t<meta property=\"og:image:width\" content=\"266\" \/>\n\t<meta property=\"og:image:height\" content=\"365\" \/>\n\t<meta property=\"og:image:type\" content=\"image\/jpeg\" \/>\n<meta name=\"twitter:card\" content=\"summary_large_image\" \/>\n<meta name=\"twitter:label1\" content=\"Szacowany czas czytania\" \/>\n\t<meta name=\"twitter:data1\" content=\"1 minuta\" \/>\n<script type=\"application\/ld+json\" class=\"yoast-schema-graph\">{\"@context\":\"https:\/\/schema.org\",\"@graph\":[{\"@type\":\"WebPage\",\"@id\":\"https:\/\/dziengodnosci.us.edu.pl\/?page_id=347\",\"url\":\"https:\/\/dziengodnosci.us.edu.pl\/?page_id=347\",\"name\":\"PARTNERZY - Dzie\u0144 Godno\u015bci\",\"isPartOf\":{\"@id\":\"https:\/\/dziengodnosci.us.edu.pl\/#website\"},\"primaryImageOfPage\":{\"@id\":\"https:\/\/dziengodnosci.us.edu.pl\/?page_id=347#primaryimage\"},\"image\":{\"@id\":\"https:\/\/dziengodnosci.us.edu.pl\/?page_id=347#primaryimage\"},\"thumbnailUrl\":\"https:\/\/dziengodnosci.us.edu.pl\/wp-content\/uploads\/2025\/05\/3-219x300.jpg\",\"datePublished\":\"2025-05-13T16:38:24+00:00\",\"dateModified\":\"2025-05-25T23:48:23+00:00\",\"breadcrumb\":{\"@id\":\"https:\/\/dziengodnosci.us.edu.pl\/?page_id=347#breadcrumb\"},\"inLanguage\":\"pl-PL\",\"potentialAction\":[{\"@type\":\"ReadAction\",\"target\":[\"https:\/\/dziengodnosci.us.edu.pl\/?page_id=347\"]}]},{\"@type\":\"ImageObject\",\"inLanguage\":\"pl-PL\",\"@id\":\"https:\/\/dziengodnosci.us.edu.pl\/?page_id=347#primaryimage\",\"url\":\"https:\/\/dziengodnosci.us.edu.pl\/wp-content\/uploads\/2025\/05\/3.jpg\",\"contentUrl\":\"https:\/\/dziengodnosci.us.edu.pl\/wp-content\/uploads\/2025\/05\/3.jpg\",\"width\":266,\"height\":365},{\"@type\":\"BreadcrumbList\",\"@id\":\"https:\/\/dziengodnosci.us.edu.pl\/?page_id=347#breadcrumb\",\"itemListElement\":[{\"@type\":\"ListItem\",\"position\":1,\"name\":\"Strona g\u0142\u00f3wna\",\"item\":\"https:\/\/dziengodnosci.us.edu.pl\/\"},{\"@type\":\"ListItem\",\"position\":2,\"name\":\"PARTNERZY\"}]},{\"@type\":\"WebSite\",\"@id\":\"https:\/\/dziengodnosci.us.edu.pl\/#website\",\"url\":\"https:\/\/dziengodnosci.us.edu.pl\/\",\"name\":\"Dzie\u0144 Godno\u015bci\",\"description\":\"Just another WordPress site\",\"publisher\":{\"@id\":\"https:\/\/dziengodnosci.us.edu.pl\/#organization\"},\"potentialAction\":[{\"@type\":\"SearchAction\",\"target\":{\"@type\":\"EntryPoint\",\"urlTemplate\":\"https:\/\/dziengodnosci.us.edu.pl\/?s={search_term_string}\"},\"query-input\":{\"@type\":\"PropertyValueSpecification\",\"valueRequired\":true,\"valueName\":\"search_term_string\"}}],\"inLanguage\":\"pl-PL\"},{\"@type\":\"Organization\",\"@id\":\"https:\/\/dziengodnosci.us.edu.pl\/#organization\",\"name\":\"Dzie\u0144 Godno\u015bci\",\"url\":\"https:\/\/dziengodnosci.us.edu.pl\/\",\"logo\":{\"@type\":\"ImageObject\",\"inLanguage\":\"pl-PL\",\"@id\":\"https:\/\/dziengodnosci.us.edu.pl\/#\/schema\/logo\/image\/\",\"url\":\"https:\/\/dziengodnosci.us.edu.pl\/wp-content\/uploads\/2025\/04\/cropped-ac1d44bd-2b6c-46f0-ac43-ac89bc44f573.png\",\"contentUrl\":\"https:\/\/dziengodnosci.us.edu.pl\/wp-content\/uploads\/2025\/04\/cropped-ac1d44bd-2b6c-46f0-ac43-ac89bc44f573.png\",\"width\":1024,\"height\":760,\"caption\":\"Dzie\u0144 Godno\u015bci\"},\"image\":{\"@id\":\"https:\/\/dziengodnosci.us.edu.pl\/#\/schema\/logo\/image\/\"},\"sameAs\":[\"https:\/\/www.facebook.com\/dziengodnoscicieszyn?locale=pl_PL\"]}]}<\/script>\n<!-- \/ Yoast SEO plugin. -->","yoast_head_json":{"title":"PARTNERZY - Dzie\u0144 Godno\u015bci","robots":{"index":"index","follow":"follow","max-snippet":"max-snippet:-1","max-image-preview":"max-image-preview:large","max-video-preview":"max-video-preview:-1"},"canonical":"https:\/\/dziengodnosci.us.edu.pl\/?page_id=347","og_locale":"pl_PL","og_type":"article","og_title":"PARTNERZY - Dzie\u0144 Godno\u015bci","og_description":"Partnerzy, kt\u00f3rzy buduj\u0105 z nami Dzie\u0144 Godno\u015bci Razem tworzymy przestrze\u0144 wsparcia i integracji WSPARCIE, KT\u00d3RE MA ZNACZENIE Dzie\u0144 Godno\u015bci z [&hellip;]","og_url":"https:\/\/dziengodnosci.us.edu.pl\/?page_id=347","og_site_name":"Dzie\u0144 Godno\u015bci","article_publisher":"https:\/\/www.facebook.com\/dziengodnoscicieszyn?locale=pl_PL","article_modified_time":"2025-05-25T23:48:23+00:00","og_image":[{"width":266,"height":365,"url":"https:\/\/dziengodnosci.us.edu.pl\/wp-content\/uploads\/2025\/05\/3.jpg","type":"image\/jpeg"}],"twitter_card":"summary_large_image","twitter_misc":{"Szacowany czas czytania":"1 minuta"},"schema":{"@context":"https:\/\/schema.org","@graph":[{"@type":"WebPage","@id":"https:\/\/dziengodnosci.us.edu.pl\/?page_id=347","url":"https:\/\/dziengodnosci.us.edu.pl\/?page_id=347","name":"PARTNERZY - Dzie\u0144 Godno\u015bci","isPartOf":{"@id":"https:\/\/dziengodnosci.us.edu.pl\/#website"},"primaryImageOfPage":{"@id":"https:\/\/dziengodnosci.us.edu.pl\/?page_id=347#primaryimage"},"image":{"@id":"https:\/\/dziengodnosci.us.edu.pl\/?page_id=347#primaryimage"},"thumbnailUrl":"https:\/\/dziengodnosci.us.edu.pl\/wp-content\/uploads\/2025\/05\/3-219x300.jpg","datePublished":"2025-05-13T16:38:24+00:00","dateModified":"2025-05-25T23:48:23+00:00","breadcrumb":{"@id":"https:\/\/dziengodnosci.us.edu.pl\/?page_id=347#breadcrumb"},"inLanguage":"pl-PL","potentialAction":[{"@type":"ReadAction","target":["https:\/\/dziengodnosci.us.edu.pl\/?page_id=347"]}]},{"@type":"ImageObject","inLanguage":"pl-PL","@id":"https:\/\/dziengodnosci.us.edu.pl\/?page_id=347#primaryimage","url":"https:\/\/dziengodnosci.us.edu.pl\/wp-content\/uploads\/2025\/05\/3.jpg","contentUrl":"https:\/\/dziengodnosci.us.edu.pl\/wp-content\/uploads\/2025\/05\/3.jpg","width":266,"height":365},{"@type":"BreadcrumbList","@id":"https:\/\/dziengodnosci.us.edu.pl\/?page_id=347#breadcrumb","itemListElement":[{"@type":"ListItem","position":1,"name":"Strona g\u0142\u00f3wna","item":"https:\/\/dziengodnosci.us.edu.pl\/"},{"@type":"ListItem","position":2,"name":"PARTNERZY"}]},{"@type":"WebSite","@id":"https:\/\/dziengodnosci.us.edu.pl\/#website","url":"https:\/\/dziengodnosci.us.edu.pl\/","name":"Dzie\u0144 Godno\u015bci","description":"Just another WordPress site","publisher":{"@id":"https:\/\/dziengodnosci.us.edu.pl\/#organization"},"potentialAction":[{"@type":"SearchAction","target":{"@type":"EntryPoint","urlTemplate":"https:\/\/dziengodnosci.us.edu.pl\/?s={search_term_string}"},"query-input":{"@type":"PropertyValueSpecification","valueRequired":true,"valueName":"search_term_string"}}],"inLanguage":"pl-PL"},{"@type":"Organization","@id":"https:\/\/dziengodnosci.us.edu.pl\/#organization","name":"Dzie\u0144 Godno\u015bci","url":"https:\/\/dziengodnosci.us.edu.pl\/","logo":{"@type":"ImageObject","inLanguage":"pl-PL","@id":"https:\/\/dziengodnosci.us.edu.pl\/#\/schema\/logo\/image\/","url":"https:\/\/dziengodnosci.us.edu.pl\/wp-content\/uploads\/2025\/04\/cropped-ac1d44bd-2b6c-46f0-ac43-ac89bc44f573.png","contentUrl":"https:\/\/dziengodnosci.us.edu.pl\/wp-content\/uploads\/2025\/04\/cropped-ac1d44bd-2b6c-46f0-ac43-ac89bc44f573.png","width":1024,"height":760,"caption":"Dzie\u0144 Godno\u015bci"},"image":{"@id":"https:\/\/dziengodnosci.us.edu.pl\/#\/schema\/logo\/image\/"},"sameAs":["https:\/\/www.facebook.com\/dziengodnoscicieszyn?locale=pl_PL"]}]}},"_links":{"self":[{"href":"https:\/\/dziengodnosci.us.edu.pl\/index.php?rest_route=\/wp\/v2\/pages\/347","targetHints":{"allow":["GET"]}}],"collection":[{"href":"https:\/\/dziengodnosci.us.edu.pl\/index.php?rest_route=\/wp\/v2\/pages"}],"about":[{"href":"https:\/\/dziengodnosci.us.edu.pl\/index.php?rest_route=\/wp\/v2\/types\/page"}],"author":[{"embeddable":true,"href":"https:\/\/dziengodnosci.us.edu.pl\/index.php?rest_route=\/wp\/v2\/users\/1"}],"replies":[{"embeddable":true,"href":"https:\/\/dziengodnosci.us.edu.pl\/index.php?rest_route=%2Fwp%2Fv2%2Fcomments&post=347"}],"version-history":[{"count":19,"href":"https:\/\/dziengodnosci.us.edu.pl\/index.php?rest_route=\/wp\/v2\/pages\/347\/revisions"}],"predecessor-version":[{"id":478,"href":"https:\/\/dziengodnosci.us.edu.pl\/index.php?rest_route=\/wp\/v2\/pages\/347\/revisions\/478"}],"wp:attachment":[{"href":"https:\/\/dziengodnosci.us.edu.pl\/index.php?rest_route=%2Fwp%2Fv2%2Fmedia&parent=347"}],"curies":[{"name":"wp","href":"https:\/\/api.w.org\/{rel}","templated":true}]}}