{"id":349,"date":"2025-05-13T16:42:40","date_gmt":"2025-05-13T16:42:40","guid":{"rendered":"https:\/\/dziengodnosci.us.edu.pl\/?page_id=349"},"modified":"2025-05-14T09:51:30","modified_gmt":"2025-05-14T09:51:30","slug":"wspolpraca-z-interesariuszami","status":"publish","type":"page","link":"https:\/\/dziengodnosci.us.edu.pl\/?page_id=349","title":{"rendered":"WSP\u00d3\u0141PRACA Z INTERESARIUSZAMI"},"content":{"rendered":"\t\t<div data-elementor-type=\"wp-page\" data-elementor-id=\"349\" class=\"elementor elementor-349\" data-elementor-post-type=\"page\">\n\t\t\t\t<div class=\"elementor-element elementor-element-28e519a e-flex e-con-boxed e-con e-parent\" data-id=\"28e519a\" data-element_type=\"container\">\n\t\t\t\t\t<div class=\"e-con-inner\">\n\t\t\t\t<div class=\"elementor-element elementor-element-869b1ec elementor-widget elementor-widget-spacer\" data-id=\"869b1ec\" data-element_type=\"widget\" data-widget_type=\"spacer.default\">\n\t\t\t\t<div class=\"elementor-widget-container\">\n\t\t\t\t\t\t\t<div class=\"elementor-spacer\">\n\t\t\t<div class=\"elementor-spacer-inner\"><\/div>\n\t\t<\/div>\n\t\t\t\t\t\t<\/div>\n\t\t\t\t<\/div>\n\t\t\t\t\t<\/div>\n\t\t\t\t<\/div>\n\t\t<div class=\"elementor-element elementor-element-4ce568ce e-con-full e-flex e-con e-parent\" data-id=\"4ce568ce\" data-element_type=\"container\" data-settings=\"{&quot;background_background&quot;:&quot;classic&quot;}\">\n\t\t<div class=\"elementor-element elementor-element-1bc91fd4 e-con-full e-flex e-con e-child\" data-id=\"1bc91fd4\" data-element_type=\"container\">\n\t\t\t\t<div class=\"elementor-element elementor-element-33aae29b elementor-widget elementor-widget-heading\" data-id=\"33aae29b\" data-element_type=\"widget\" data-widget_type=\"heading.default\">\n\t\t\t\t<div class=\"elementor-widget-container\">\n\t\t\t\t\t<p class=\"elementor-heading-title elementor-size-default\">WYDARZENIE<\/p>\t\t\t\t<\/div>\n\t\t\t\t<\/div>\n\t\t\t\t<div class=\"elementor-element elementor-element-69bc80cb elementor-widget elementor-widget-heading\" data-id=\"69bc80cb\" data-element_type=\"widget\" data-widget_type=\"heading.default\">\n\t\t\t\t<div class=\"elementor-widget-container\">\n\t\t\t\t\t<h2 class=\"elementor-heading-title elementor-size-default\">OTWARTE KARTY<\/h2>\t\t\t\t<\/div>\n\t\t\t\t<\/div>\n\t\t\t\t<div class=\"elementor-element elementor-element-39525483 elementor-widget elementor-widget-text-editor\" data-id=\"39525483\" data-element_type=\"widget\" data-widget_type=\"text-editor.default\">\n\t\t\t\t<div class=\"elementor-widget-container\">\n\t\t\t\t\t\t\t\t\t<p>Lorem ipsum dolor sit amet, consectetur adipiscing elit, sed do eiusmod tempor incididunt ut labore et dolore magna aliqua. Lorem ipsum dolor sit amet<\/p>\t\t\t\t\t\t\t\t<\/div>\n\t\t\t\t<\/div>\n\t\t\t\t<div class=\"elementor-element elementor-element-62f758a6 elementor-align-left elementor-tablet-align-center elementor-widget elementor-widget-button\" data-id=\"62f758a6\" data-element_type=\"widget\" data-widget_type=\"button.default\">\n\t\t\t\t<div class=\"elementor-widget-container\">\n\t\t\t\t\t\t\t\t\t<div class=\"elementor-button-wrapper\">\n\t\t\t\t\t<a class=\"elementor-button elementor-button-link elementor-size-sm elementor-animation-grow\" href=\"https:\/\/youtu.be\/ku8kXo-F5W8\">\n\t\t\t\t\t\t<span class=\"elementor-button-content-wrapper\">\n\t\t\t\t\t\t\t\t\t<span class=\"elementor-button-text\">ZOBACZ FILM<\/span>\n\t\t\t\t\t<\/span>\n\t\t\t\t\t<\/a>\n\t\t\t\t<\/div>\n\t\t\t\t\t\t\t\t<\/div>\n\t\t\t\t<\/div>\n\t\t\t\t<\/div>\n\t\t\t\t<div class=\"elementor-element elementor-element-295c6842 elementor-widget__width-initial elementor-widget-tablet__width-inherit elementor-widget elementor-widget-image\" data-id=\"295c6842\" data-element_type=\"widget\" data-widget_type=\"image.default\">\n\t\t\t\t<div class=\"elementor-widget-container\">\n\t\t\t\t\t\t\t\t\t\t\t\t\t\t\t<img fetchpriority=\"high\" decoding=\"async\" width=\"1024\" height=\"683\" src=\"https:\/\/dziengodnosci.us.edu.pl\/wp-content\/uploads\/2025\/05\/1N4A8528-1024x683.jpg\" class=\"attachment-large size-large wp-image-361\" alt=\"\" srcset=\"https:\/\/dziengodnosci.us.edu.pl\/wp-content\/uploads\/2025\/05\/1N4A8528-1024x683.jpg 1024w, https:\/\/dziengodnosci.us.edu.pl\/wp-content\/uploads\/2025\/05\/1N4A8528-300x200.jpg 300w, https:\/\/dziengodnosci.us.edu.pl\/wp-content\/uploads\/2025\/05\/1N4A8528-768x512.jpg 768w, https:\/\/dziengodnosci.us.edu.pl\/wp-content\/uploads\/2025\/05\/1N4A8528-1536x1024.jpg 1536w, https:\/\/dziengodnosci.us.edu.pl\/wp-content\/uploads\/2025\/05\/1N4A8528-2048x1365.jpg 2048w\" sizes=\"(max-width: 1024px) 100vw, 1024px\" \/>\t\t\t\t\t\t\t\t\t\t\t\t\t\t\t<\/div>\n\t\t\t\t<\/div>\n\t\t\t\t<\/div>\n\t\t\t\t<\/div>\n\t\t","protected":false},"excerpt":{"rendered":"<p>WYDARZENIE OTWARTE KARTY Lorem ipsum dolor sit amet, consectetur adipiscing elit, sed do eiusmod tempor incididunt ut labore et dolore [&hellip;]<\/p>\n","protected":false},"author":1,"featured_media":0,"parent":0,"menu_order":0,"comment_status":"closed","ping_status":"closed","template":"","meta":{"site-sidebar-layout":"no-sidebar","site-content-layout":"","ast-site-content-layout":"full-width-container","site-content-style":"default","site-sidebar-style":"default","ast-global-header-display":"","ast-banner-title-visibility":"","ast-main-header-display":"","ast-hfb-above-header-display":"","ast-hfb-below-header-display":"","ast-hfb-mobile-header-display":"","site-post-title":"disabled","ast-breadcrumbs-content":"","ast-featured-img":"disabled","footer-sml-layout":"","theme-transparent-header-meta":"","adv-header-id-meta":"","stick-header-meta":"","header-above-stick-meta":"","header-main-stick-meta":"","header-below-stick-meta":"","astra-migrate-meta-layouts":"default","ast-page-background-enabled":"default","ast-page-background-meta":{"desktop":{"background-color":"var(--ast-global-color-5)","background-image":"","background-repeat":"repeat","background-position":"center center","background-size":"auto","background-attachment":"scroll","background-type":"","background-media":"","overlay-type":"","overlay-color":"","overlay-opacity":"","overlay-gradient":""},"tablet":{"background-color":"","background-image":"","background-repeat":"repeat","background-position":"center center","background-size":"auto","background-attachment":"scroll","background-type":"","background-media":"","overlay-type":"","overlay-color":"","overlay-opacity":"","overlay-gradient":""},"mobile":{"background-color":"","background-image":"","background-repeat":"repeat","background-position":"center center","background-size":"auto","background-attachment":"scroll","background-type":"","background-media":"","overlay-type":"","overlay-color":"","overlay-opacity":"","overlay-gradient":""}},"ast-content-background-meta":{"desktop":{"background-color":"var(--ast-global-color-4)","background-image":"","background-repeat":"repeat","background-position":"center center","background-size":"auto","background-attachment":"scroll","background-type":"","background-media":"","overlay-type":"","overlay-color":"","overlay-opacity":"","overlay-gradient":""},"tablet":{"background-color":"var(--ast-global-color-4)","background-image":"","background-repeat":"repeat","background-position":"center center","background-size":"auto","background-attachment":"scroll","background-type":"","background-media":"","overlay-type":"","overlay-color":"","overlay-opacity":"","overlay-gradient":""},"mobile":{"background-color":"var(--ast-global-color-4)","background-image":"","background-repeat":"repeat","background-position":"center center","background-size":"auto","background-attachment":"scroll","background-type":"","background-media":"","overlay-type":"","overlay-color":"","overlay-opacity":"","overlay-gradient":""}},"footnotes":""},"class_list":["post-349","page","type-page","status-publish","hentry"],"yoast_head":"<!-- This site is optimized with the Yoast SEO plugin v24.8.1 - https:\/\/yoast.com\/wordpress\/plugins\/seo\/ -->\n<title>WSP\u00d3\u0141PRACA Z INTERESARIUSZAMI - Dzie\u0144 Godno\u015bci<\/title>\n<meta name=\"robots\" content=\"index, follow, max-snippet:-1, max-image-preview:large, max-video-preview:-1\" \/>\n<link rel=\"canonical\" href=\"https:\/\/dziengodnosci.us.edu.pl\/?page_id=349\" \/>\n<meta property=\"og:locale\" content=\"pl_PL\" \/>\n<meta property=\"og:type\" content=\"article\" \/>\n<meta property=\"og:title\" content=\"WSP\u00d3\u0141PRACA Z INTERESARIUSZAMI - Dzie\u0144 Godno\u015bci\" \/>\n<meta property=\"og:description\" content=\"WYDARZENIE OTWARTE KARTY Lorem ipsum dolor sit amet, consectetur adipiscing elit, sed do eiusmod tempor incididunt ut labore et dolore [&hellip;]\" \/>\n<meta property=\"og:url\" content=\"https:\/\/dziengodnosci.us.edu.pl\/?page_id=349\" \/>\n<meta property=\"og:site_name\" content=\"Dzie\u0144 Godno\u015bci\" \/>\n<meta property=\"article:publisher\" content=\"https:\/\/www.facebook.com\/dziengodnoscicieszyn?locale=pl_PL\" \/>\n<meta property=\"article:modified_time\" content=\"2025-05-14T09:51:30+00:00\" \/>\n<meta property=\"og:image\" content=\"https:\/\/dziengodnosci.us.edu.pl\/wp-content\/uploads\/2025\/05\/1N4A8528-1024x683.jpg\" \/>\n<meta name=\"twitter:card\" content=\"summary_large_image\" \/>\n<meta name=\"twitter:label1\" content=\"Szacowany czas czytania\" \/>\n\t<meta name=\"twitter:data1\" content=\"1 minuta\" \/>\n<script type=\"application\/ld+json\" class=\"yoast-schema-graph\">{\"@context\":\"https:\/\/schema.org\",\"@graph\":[{\"@type\":\"WebPage\",\"@id\":\"https:\/\/dziengodnosci.us.edu.pl\/?page_id=349\",\"url\":\"https:\/\/dziengodnosci.us.edu.pl\/?page_id=349\",\"name\":\"WSP\u00d3\u0141PRACA Z INTERESARIUSZAMI - Dzie\u0144 Godno\u015bci\",\"isPartOf\":{\"@id\":\"https:\/\/dziengodnosci.us.edu.pl\/#website\"},\"primaryImageOfPage\":{\"@id\":\"https:\/\/dziengodnosci.us.edu.pl\/?page_id=349#primaryimage\"},\"image\":{\"@id\":\"https:\/\/dziengodnosci.us.edu.pl\/?page_id=349#primaryimage\"},\"thumbnailUrl\":\"https:\/\/dziengodnosci.us.edu.pl\/wp-content\/uploads\/2025\/05\/1N4A8528-1024x683.jpg\",\"datePublished\":\"2025-05-13T16:42:40+00:00\",\"dateModified\":\"2025-05-14T09:51:30+00:00\",\"breadcrumb\":{\"@id\":\"https:\/\/dziengodnosci.us.edu.pl\/?page_id=349#breadcrumb\"},\"inLanguage\":\"pl-PL\",\"potentialAction\":[{\"@type\":\"ReadAction\",\"target\":[\"https:\/\/dziengodnosci.us.edu.pl\/?page_id=349\"]}]},{\"@type\":\"ImageObject\",\"inLanguage\":\"pl-PL\",\"@id\":\"https:\/\/dziengodnosci.us.edu.pl\/?page_id=349#primaryimage\",\"url\":\"https:\/\/dziengodnosci.us.edu.pl\/wp-content\/uploads\/2025\/05\/1N4A8528-scaled.jpg\",\"contentUrl\":\"https:\/\/dziengodnosci.us.edu.pl\/wp-content\/uploads\/2025\/05\/1N4A8528-scaled.jpg\",\"width\":2560,\"height\":1707},{\"@type\":\"BreadcrumbList\",\"@id\":\"https:\/\/dziengodnosci.us.edu.pl\/?page_id=349#breadcrumb\",\"itemListElement\":[{\"@type\":\"ListItem\",\"position\":1,\"name\":\"Strona g\u0142\u00f3wna\",\"item\":\"https:\/\/dziengodnosci.us.edu.pl\/\"},{\"@type\":\"ListItem\",\"position\":2,\"name\":\"WSP\u00d3\u0141PRACA Z INTERESARIUSZAMI\"}]},{\"@type\":\"WebSite\",\"@id\":\"https:\/\/dziengodnosci.us.edu.pl\/#website\",\"url\":\"https:\/\/dziengodnosci.us.edu.pl\/\",\"name\":\"Dzie\u0144 Godno\u015bci\",\"description\":\"Just another WordPress site\",\"publisher\":{\"@id\":\"https:\/\/dziengodnosci.us.edu.pl\/#organization\"},\"potentialAction\":[{\"@type\":\"SearchAction\",\"target\":{\"@type\":\"EntryPoint\",\"urlTemplate\":\"https:\/\/dziengodnosci.us.edu.pl\/?s={search_term_string}\"},\"query-input\":{\"@type\":\"PropertyValueSpecification\",\"valueRequired\":true,\"valueName\":\"search_term_string\"}}],\"inLanguage\":\"pl-PL\"},{\"@type\":\"Organization\",\"@id\":\"https:\/\/dziengodnosci.us.edu.pl\/#organization\",\"name\":\"Dzie\u0144 Godno\u015bci\",\"url\":\"https:\/\/dziengodnosci.us.edu.pl\/\",\"logo\":{\"@type\":\"ImageObject\",\"inLanguage\":\"pl-PL\",\"@id\":\"https:\/\/dziengodnosci.us.edu.pl\/#\/schema\/logo\/image\/\",\"url\":\"https:\/\/dziengodnosci.us.edu.pl\/wp-content\/uploads\/2025\/04\/cropped-ac1d44bd-2b6c-46f0-ac43-ac89bc44f573.png\",\"contentUrl\":\"https:\/\/dziengodnosci.us.edu.pl\/wp-content\/uploads\/2025\/04\/cropped-ac1d44bd-2b6c-46f0-ac43-ac89bc44f573.png\",\"width\":1024,\"height\":760,\"caption\":\"Dzie\u0144 Godno\u015bci\"},\"image\":{\"@id\":\"https:\/\/dziengodnosci.us.edu.pl\/#\/schema\/logo\/image\/\"},\"sameAs\":[\"https:\/\/www.facebook.com\/dziengodnoscicieszyn?locale=pl_PL\"]}]}<\/script>\n<!-- \/ Yoast SEO plugin. -->","yoast_head_json":{"title":"WSP\u00d3\u0141PRACA Z INTERESARIUSZAMI - Dzie\u0144 Godno\u015bci","robots":{"index":"index","follow":"follow","max-snippet":"max-snippet:-1","max-image-preview":"max-image-preview:large","max-video-preview":"max-video-preview:-1"},"canonical":"https:\/\/dziengodnosci.us.edu.pl\/?page_id=349","og_locale":"pl_PL","og_type":"article","og_title":"WSP\u00d3\u0141PRACA Z INTERESARIUSZAMI - Dzie\u0144 Godno\u015bci","og_description":"WYDARZENIE OTWARTE KARTY Lorem ipsum dolor sit amet, consectetur adipiscing elit, sed do eiusmod tempor incididunt ut labore et dolore [&hellip;]","og_url":"https:\/\/dziengodnosci.us.edu.pl\/?page_id=349","og_site_name":"Dzie\u0144 Godno\u015bci","article_publisher":"https:\/\/www.facebook.com\/dziengodnoscicieszyn?locale=pl_PL","article_modified_time":"2025-05-14T09:51:30+00:00","og_image":[{"url":"https:\/\/dziengodnosci.us.edu.pl\/wp-content\/uploads\/2025\/05\/1N4A8528-1024x683.jpg","type":"","width":"","height":""}],"twitter_card":"summary_large_image","twitter_misc":{"Szacowany czas czytania":"1 minuta"},"schema":{"@context":"https:\/\/schema.org","@graph":[{"@type":"WebPage","@id":"https:\/\/dziengodnosci.us.edu.pl\/?page_id=349","url":"https:\/\/dziengodnosci.us.edu.pl\/?page_id=349","name":"WSP\u00d3\u0141PRACA Z INTERESARIUSZAMI - Dzie\u0144 Godno\u015bci","isPartOf":{"@id":"https:\/\/dziengodnosci.us.edu.pl\/#website"},"primaryImageOfPage":{"@id":"https:\/\/dziengodnosci.us.edu.pl\/?page_id=349#primaryimage"},"image":{"@id":"https:\/\/dziengodnosci.us.edu.pl\/?page_id=349#primaryimage"},"thumbnailUrl":"https:\/\/dziengodnosci.us.edu.pl\/wp-content\/uploads\/2025\/05\/1N4A8528-1024x683.jpg","datePublished":"2025-05-13T16:42:40+00:00","dateModified":"2025-05-14T09:51:30+00:00","breadcrumb":{"@id":"https:\/\/dziengodnosci.us.edu.pl\/?page_id=349#breadcrumb"},"inLanguage":"pl-PL","potentialAction":[{"@type":"ReadAction","target":["https:\/\/dziengodnosci.us.edu.pl\/?page_id=349"]}]},{"@type":"ImageObject","inLanguage":"pl-PL","@id":"https:\/\/dziengodnosci.us.edu.pl\/?page_id=349#primaryimage","url":"https:\/\/dziengodnosci.us.edu.pl\/wp-content\/uploads\/2025\/05\/1N4A8528-scaled.jpg","contentUrl":"https:\/\/dziengodnosci.us.edu.pl\/wp-content\/uploads\/2025\/05\/1N4A8528-scaled.jpg","width":2560,"height":1707},{"@type":"BreadcrumbList","@id":"https:\/\/dziengodnosci.us.edu.pl\/?page_id=349#breadcrumb","itemListElement":[{"@type":"ListItem","position":1,"name":"Strona g\u0142\u00f3wna","item":"https:\/\/dziengodnosci.us.edu.pl\/"},{"@type":"ListItem","position":2,"name":"WSP\u00d3\u0141PRACA Z INTERESARIUSZAMI"}]},{"@type":"WebSite","@id":"https:\/\/dziengodnosci.us.edu.pl\/#website","url":"https:\/\/dziengodnosci.us.edu.pl\/","name":"Dzie\u0144 Godno\u015bci","description":"Just another WordPress site","publisher":{"@id":"https:\/\/dziengodnosci.us.edu.pl\/#organization"},"potentialAction":[{"@type":"SearchAction","target":{"@type":"EntryPoint","urlTemplate":"https:\/\/dziengodnosci.us.edu.pl\/?s={search_term_string}"},"query-input":{"@type":"PropertyValueSpecification","valueRequired":true,"valueName":"search_term_string"}}],"inLanguage":"pl-PL"},{"@type":"Organization","@id":"https:\/\/dziengodnosci.us.edu.pl\/#organization","name":"Dzie\u0144 Godno\u015bci","url":"https:\/\/dziengodnosci.us.edu.pl\/","logo":{"@type":"ImageObject","inLanguage":"pl-PL","@id":"https:\/\/dziengodnosci.us.edu.pl\/#\/schema\/logo\/image\/","url":"https:\/\/dziengodnosci.us.edu.pl\/wp-content\/uploads\/2025\/04\/cropped-ac1d44bd-2b6c-46f0-ac43-ac89bc44f573.png","contentUrl":"https:\/\/dziengodnosci.us.edu.pl\/wp-content\/uploads\/2025\/04\/cropped-ac1d44bd-2b6c-46f0-ac43-ac89bc44f573.png","width":1024,"height":760,"caption":"Dzie\u0144 Godno\u015bci"},"image":{"@id":"https:\/\/dziengodnosci.us.edu.pl\/#\/schema\/logo\/image\/"},"sameAs":["https:\/\/www.facebook.com\/dziengodnoscicieszyn?locale=pl_PL"]}]}},"_links":{"self":[{"href":"https:\/\/dziengodnosci.us.edu.pl\/index.php?rest_route=\/wp\/v2\/pages\/349","targetHints":{"allow":["GET"]}}],"collection":[{"href":"https:\/\/dziengodnosci.us.edu.pl\/index.php?rest_route=\/wp\/v2\/pages"}],"about":[{"href":"https:\/\/dziengodnosci.us.edu.pl\/index.php?rest_route=\/wp\/v2\/types\/page"}],"author":[{"embeddable":true,"href":"https:\/\/dziengodnosci.us.edu.pl\/index.php?rest_route=\/wp\/v2\/users\/1"}],"replies":[{"embeddable":true,"href":"https:\/\/dziengodnosci.us.edu.pl\/index.php?rest_route=%2Fwp%2Fv2%2Fcomments&post=349"}],"version-history":[{"count":7,"href":"https:\/\/dziengodnosci.us.edu.pl\/index.php?rest_route=\/wp\/v2\/pages\/349\/revisions"}],"predecessor-version":[{"id":364,"href":"https:\/\/dziengodnosci.us.edu.pl\/index.php?rest_route=\/wp\/v2\/pages\/349\/revisions\/364"}],"wp:attachment":[{"href":"https:\/\/dziengodnosci.us.edu.pl\/index.php?rest_route=%2Fwp%2Fv2%2Fmedia&parent=349"}],"curies":[{"name":"wp","href":"https:\/\/api.w.org\/{rel}","templated":true}]}}