{"id":359,"date":"2025-05-13T16:55:03","date_gmt":"2025-05-13T16:55:03","guid":{"rendered":"https:\/\/dziengodnosci.us.edu.pl\/?page_id=359"},"modified":"2025-05-13T16:55:05","modified_gmt":"2025-05-13T16:55:05","slug":"tydzien-wokol-niepelnosprawnosci-intelektualnej","status":"publish","type":"page","link":"https:\/\/dziengodnosci.us.edu.pl\/?page_id=359","title":{"rendered":"Tydzie\u0144 wok\u00f3\u0142 niepe\u0142nosprawno\u015bci intelektualnej"},"content":{"rendered":"","protected":false},"excerpt":{"rendered":"","protected":false},"author":1,"featured_media":0,"parent":0,"menu_order":0,"comment_status":"closed","ping_status":"closed","template":"","meta":{"site-sidebar-layout":"no-sidebar","site-content-layout":"","ast-site-content-layout":"full-width-container","site-content-style":"default","site-sidebar-style":"default","ast-global-header-display":"","ast-banner-title-visibility":"","ast-main-header-display":"","ast-hfb-above-header-display":"","ast-hfb-below-header-display":"","ast-hfb-mobile-header-display":"","site-post-title":"disabled","ast-breadcrumbs-content":"","ast-featured-img":"disabled","footer-sml-layout":"","theme-transparent-header-meta":"","adv-header-id-meta":"","stick-header-meta":"","header-above-stick-meta":"","header-main-stick-meta":"","header-below-stick-meta":"","astra-migrate-meta-layouts":"default","ast-page-background-enabled":"default","ast-page-background-meta":{"desktop":{"background-color":"var(--ast-global-color-5)","background-image":"","background-repeat":"repeat","background-position":"center center","background-size":"auto","background-attachment":"scroll","background-type":"","background-media":"","overlay-type":"","overlay-color":"","overlay-opacity":"","overlay-gradient":""},"tablet":{"background-color":"","background-image":"","background-repeat":"repeat","background-position":"center center","background-size":"auto","background-attachment":"scroll","background-type":"","background-media":"","overlay-type":"","overlay-color":"","overlay-opacity":"","overlay-gradient":""},"mobile":{"background-color":"","background-image":"","background-repeat":"repeat","background-position":"center center","background-size":"auto","background-attachment":"scroll","background-type":"","background-media":"","overlay-type":"","overlay-color":"","overlay-opacity":"","overlay-gradient":""}},"ast-content-background-meta":{"desktop":{"background-color":"var(--ast-global-color-4)","background-image":"","background-repeat":"repeat","background-position":"center center","background-size":"auto","background-attachment":"scroll","background-type":"","background-media":"","overlay-type":"","overlay-color":"","overlay-opacity":"","overlay-gradient":""},"tablet":{"background-color":"var(--ast-global-color-4)","background-image":"","background-repeat":"repeat","background-position":"center center","background-size":"auto","background-attachment":"scroll","background-type":"","background-media":"","overlay-type":"","overlay-color":"","overlay-opacity":"","overlay-gradient":""},"mobile":{"background-color":"var(--ast-global-color-4)","background-image":"","background-repeat":"repeat","background-position":"center center","background-size":"auto","background-attachment":"scroll","background-type":"","background-media":"","overlay-type":"","overlay-color":"","overlay-opacity":"","overlay-gradient":""}},"footnotes":""},"class_list":["post-359","page","type-page","status-publish","hentry"],"yoast_head":"<!-- This site is optimized with the Yoast SEO plugin v24.8.1 - https:\/\/yoast.com\/wordpress\/plugins\/seo\/ -->\n<title>Tydzie\u0144 wok\u00f3\u0142 niepe\u0142nosprawno\u015bci intelektualnej - Dzie\u0144 Godno\u015bci<\/title>\n<meta name=\"robots\" content=\"index, follow, max-snippet:-1, max-image-preview:large, max-video-preview:-1\" \/>\n<link rel=\"canonical\" href=\"https:\/\/dziengodnosci.us.edu.pl\/?page_id=359\" \/>\n<meta property=\"og:locale\" content=\"pl_PL\" \/>\n<meta property=\"og:type\" content=\"article\" \/>\n<meta property=\"og:title\" content=\"Tydzie\u0144 wok\u00f3\u0142 niepe\u0142nosprawno\u015bci intelektualnej - Dzie\u0144 Godno\u015bci\" \/>\n<meta property=\"og:url\" content=\"https:\/\/dziengodnosci.us.edu.pl\/?page_id=359\" \/>\n<meta property=\"og:site_name\" content=\"Dzie\u0144 Godno\u015bci\" \/>\n<meta property=\"article:publisher\" content=\"https:\/\/www.facebook.com\/dziengodnoscicieszyn?locale=pl_PL\" \/>\n<meta property=\"article:modified_time\" content=\"2025-05-13T16:55:05+00:00\" \/>\n<meta name=\"twitter:card\" content=\"summary_large_image\" \/>\n<script type=\"application\/ld+json\" class=\"yoast-schema-graph\">{\"@context\":\"https:\/\/schema.org\",\"@graph\":[{\"@type\":\"WebPage\",\"@id\":\"https:\/\/dziengodnosci.us.edu.pl\/?page_id=359\",\"url\":\"https:\/\/dziengodnosci.us.edu.pl\/?page_id=359\",\"name\":\"Tydzie\u0144 wok\u00f3\u0142 niepe\u0142nosprawno\u015bci intelektualnej - Dzie\u0144 Godno\u015bci\",\"isPartOf\":{\"@id\":\"https:\/\/dziengodnosci.us.edu.pl\/#website\"},\"datePublished\":\"2025-05-13T16:55:03+00:00\",\"dateModified\":\"2025-05-13T16:55:05+00:00\",\"breadcrumb\":{\"@id\":\"https:\/\/dziengodnosci.us.edu.pl\/?page_id=359#breadcrumb\"},\"inLanguage\":\"pl-PL\",\"potentialAction\":[{\"@type\":\"ReadAction\",\"target\":[\"https:\/\/dziengodnosci.us.edu.pl\/?page_id=359\"]}]},{\"@type\":\"BreadcrumbList\",\"@id\":\"https:\/\/dziengodnosci.us.edu.pl\/?page_id=359#breadcrumb\",\"itemListElement\":[{\"@type\":\"ListItem\",\"position\":1,\"name\":\"Strona g\u0142\u00f3wna\",\"item\":\"https:\/\/dziengodnosci.us.edu.pl\/\"},{\"@type\":\"ListItem\",\"position\":2,\"name\":\"Tydzie\u0144 wok\u00f3\u0142 niepe\u0142nosprawno\u015bci intelektualnej\"}]},{\"@type\":\"WebSite\",\"@id\":\"https:\/\/dziengodnosci.us.edu.pl\/#website\",\"url\":\"https:\/\/dziengodnosci.us.edu.pl\/\",\"name\":\"Dzie\u0144 Godno\u015bci\",\"description\":\"Just another WordPress site\",\"publisher\":{\"@id\":\"https:\/\/dziengodnosci.us.edu.pl\/#organization\"},\"potentialAction\":[{\"@type\":\"SearchAction\",\"target\":{\"@type\":\"EntryPoint\",\"urlTemplate\":\"https:\/\/dziengodnosci.us.edu.pl\/?s={search_term_string}\"},\"query-input\":{\"@type\":\"PropertyValueSpecification\",\"valueRequired\":true,\"valueName\":\"search_term_string\"}}],\"inLanguage\":\"pl-PL\"},{\"@type\":\"Organization\",\"@id\":\"https:\/\/dziengodnosci.us.edu.pl\/#organization\",\"name\":\"Dzie\u0144 Godno\u015bci\",\"url\":\"https:\/\/dziengodnosci.us.edu.pl\/\",\"logo\":{\"@type\":\"ImageObject\",\"inLanguage\":\"pl-PL\",\"@id\":\"https:\/\/dziengodnosci.us.edu.pl\/#\/schema\/logo\/image\/\",\"url\":\"https:\/\/dziengodnosci.us.edu.pl\/wp-content\/uploads\/2025\/04\/cropped-ac1d44bd-2b6c-46f0-ac43-ac89bc44f573.png\",\"contentUrl\":\"https:\/\/dziengodnosci.us.edu.pl\/wp-content\/uploads\/2025\/04\/cropped-ac1d44bd-2b6c-46f0-ac43-ac89bc44f573.png\",\"width\":1024,\"height\":760,\"caption\":\"Dzie\u0144 Godno\u015bci\"},\"image\":{\"@id\":\"https:\/\/dziengodnosci.us.edu.pl\/#\/schema\/logo\/image\/\"},\"sameAs\":[\"https:\/\/www.facebook.com\/dziengodnoscicieszyn?locale=pl_PL\"]}]}<\/script>\n<!-- \/ Yoast SEO plugin. -->","yoast_head_json":{"title":"Tydzie\u0144 wok\u00f3\u0142 niepe\u0142nosprawno\u015bci intelektualnej - Dzie\u0144 Godno\u015bci","robots":{"index":"index","follow":"follow","max-snippet":"max-snippet:-1","max-image-preview":"max-image-preview:large","max-video-preview":"max-video-preview:-1"},"canonical":"https:\/\/dziengodnosci.us.edu.pl\/?page_id=359","og_locale":"pl_PL","og_type":"article","og_title":"Tydzie\u0144 wok\u00f3\u0142 niepe\u0142nosprawno\u015bci intelektualnej - Dzie\u0144 Godno\u015bci","og_url":"https:\/\/dziengodnosci.us.edu.pl\/?page_id=359","og_site_name":"Dzie\u0144 Godno\u015bci","article_publisher":"https:\/\/www.facebook.com\/dziengodnoscicieszyn?locale=pl_PL","article_modified_time":"2025-05-13T16:55:05+00:00","twitter_card":"summary_large_image","schema":{"@context":"https:\/\/schema.org","@graph":[{"@type":"WebPage","@id":"https:\/\/dziengodnosci.us.edu.pl\/?page_id=359","url":"https:\/\/dziengodnosci.us.edu.pl\/?page_id=359","name":"Tydzie\u0144 wok\u00f3\u0142 niepe\u0142nosprawno\u015bci intelektualnej - Dzie\u0144 Godno\u015bci","isPartOf":{"@id":"https:\/\/dziengodnosci.us.edu.pl\/#website"},"datePublished":"2025-05-13T16:55:03+00:00","dateModified":"2025-05-13T16:55:05+00:00","breadcrumb":{"@id":"https:\/\/dziengodnosci.us.edu.pl\/?page_id=359#breadcrumb"},"inLanguage":"pl-PL","potentialAction":[{"@type":"ReadAction","target":["https:\/\/dziengodnosci.us.edu.pl\/?page_id=359"]}]},{"@type":"BreadcrumbList","@id":"https:\/\/dziengodnosci.us.edu.pl\/?page_id=359#breadcrumb","itemListElement":[{"@type":"ListItem","position":1,"name":"Strona g\u0142\u00f3wna","item":"https:\/\/dziengodnosci.us.edu.pl\/"},{"@type":"ListItem","position":2,"name":"Tydzie\u0144 wok\u00f3\u0142 niepe\u0142nosprawno\u015bci intelektualnej"}]},{"@type":"WebSite","@id":"https:\/\/dziengodnosci.us.edu.pl\/#website","url":"https:\/\/dziengodnosci.us.edu.pl\/","name":"Dzie\u0144 Godno\u015bci","description":"Just another WordPress site","publisher":{"@id":"https:\/\/dziengodnosci.us.edu.pl\/#organization"},"potentialAction":[{"@type":"SearchAction","target":{"@type":"EntryPoint","urlTemplate":"https:\/\/dziengodnosci.us.edu.pl\/?s={search_term_string}"},"query-input":{"@type":"PropertyValueSpecification","valueRequired":true,"valueName":"search_term_string"}}],"inLanguage":"pl-PL"},{"@type":"Organization","@id":"https:\/\/dziengodnosci.us.edu.pl\/#organization","name":"Dzie\u0144 Godno\u015bci","url":"https:\/\/dziengodnosci.us.edu.pl\/","logo":{"@type":"ImageObject","inLanguage":"pl-PL","@id":"https:\/\/dziengodnosci.us.edu.pl\/#\/schema\/logo\/image\/","url":"https:\/\/dziengodnosci.us.edu.pl\/wp-content\/uploads\/2025\/04\/cropped-ac1d44bd-2b6c-46f0-ac43-ac89bc44f573.png","contentUrl":"https:\/\/dziengodnosci.us.edu.pl\/wp-content\/uploads\/2025\/04\/cropped-ac1d44bd-2b6c-46f0-ac43-ac89bc44f573.png","width":1024,"height":760,"caption":"Dzie\u0144 Godno\u015bci"},"image":{"@id":"https:\/\/dziengodnosci.us.edu.pl\/#\/schema\/logo\/image\/"},"sameAs":["https:\/\/www.facebook.com\/dziengodnoscicieszyn?locale=pl_PL"]}]}},"_links":{"self":[{"href":"https:\/\/dziengodnosci.us.edu.pl\/index.php?rest_route=\/wp\/v2\/pages\/359","targetHints":{"allow":["GET"]}}],"collection":[{"href":"https:\/\/dziengodnosci.us.edu.pl\/index.php?rest_route=\/wp\/v2\/pages"}],"about":[{"href":"https:\/\/dziengodnosci.us.edu.pl\/index.php?rest_route=\/wp\/v2\/types\/page"}],"author":[{"embeddable":true,"href":"https:\/\/dziengodnosci.us.edu.pl\/index.php?rest_route=\/wp\/v2\/users\/1"}],"replies":[{"embeddable":true,"href":"https:\/\/dziengodnosci.us.edu.pl\/index.php?rest_route=%2Fwp%2Fv2%2Fcomments&post=359"}],"version-history":[{"count":1,"href":"https:\/\/dziengodnosci.us.edu.pl\/index.php?rest_route=\/wp\/v2\/pages\/359\/revisions"}],"predecessor-version":[{"id":360,"href":"https:\/\/dziengodnosci.us.edu.pl\/index.php?rest_route=\/wp\/v2\/pages\/359\/revisions\/360"}],"wp:attachment":[{"href":"https:\/\/dziengodnosci.us.edu.pl\/index.php?rest_route=%2Fwp%2Fv2%2Fmedia&parent=359"}],"curies":[{"name":"wp","href":"https:\/\/api.w.org\/{rel}","templated":true}]}}